{"id":9830,"date":"2023-08-25T14:02:05","date_gmt":"2023-08-25T12:02:05","guid":{"rendered":"https:\/\/www.cadar.ch\/schutz-personenbezogener-daten\/"},"modified":"2023-08-25T14:02:07","modified_gmt":"2023-08-25T12:02:07","slug":"schutz-personenbezogener-daten","status":"publish","type":"page","link":"http:\/\/dev.mafee.ch\/de\/schutz-personenbezogener-daten\/","title":{"rendered":"Schutz personenbezogener daten"},"content":{"rendered":"\t\t<div data-elementor-type=\"wp-page\" data-elementor-id=\"9830\" class=\"elementor elementor-9830 elementor-9812\" data-elementor-post-type=\"page\">\n\t\t\t\t\t\t<section class=\"elementor-section elementor-top-section elementor-element elementor-element-c88bc8d elementor-section-boxed elementor-section-height-default elementor-section-height-default\" data-id=\"c88bc8d\" data-element_type=\"section\" data-settings=\"{&quot;_ha_eqh_enable&quot;:false}\">\n\t\t\t\t\t\t<div class=\"elementor-container elementor-column-gap-default\">\n\t\t\t\t\t<div class=\"elementor-column elementor-col-100 elementor-top-column elementor-element elementor-element-314c872\" data-id=\"314c872\" data-element_type=\"column\">\n\t\t\t<div class=\"elementor-widget-wrap elementor-element-populated\">\n\t\t\t\t\t\t<div class=\"elementor-element elementor-element-f667c81 elementor-widget elementor-widget-heading\" data-id=\"f667c81\" data-element_type=\"widget\" data-widget_type=\"heading.default\">\n\t\t\t\t<div class=\"elementor-widget-container\">\n\t\t\t<h2 class=\"elementor-heading-title elementor-size-default\">Schutz personenbezogener daten<\/h2>\t\t<\/div>\n\t\t\t\t<\/div>\n\t\t\t\t<div class=\"elementor-element elementor-element-27a589c elementor-widget elementor-widget-text-editor\" data-id=\"27a589c\" data-element_type=\"widget\" data-widget_type=\"text-editor.default\">\n\t\t\t\t<div class=\"elementor-widget-container\">\n\t\t\t\t\t\t\t<p><strong>Kontakt Adresse<br \/>\n<\/strong>CADAR SA<br \/>\nEntre-deux-Rivi\u00e8res 12,<br \/>\n2114 Fleurier<\/p>\n<p>T\u00e9l: 032 864 50 00<br \/>\nEmail: info@cadar.ch<\/p>\n<p><strong>Webdesign &amp; Web Entwicklung<\/strong><br \/>\nMAP SA Marketing, Advertising, Promotion<br \/>\nCh. de Jolimont 14<br \/>\nCH-1304 Cossonay<\/p>\n<p><strong>Web-Hosting<\/strong><br \/>\nInfomaniak Network SA<br \/>\nRue Eug\u00e8ne-marziano 25<br \/>\nCH-1227 Gen\u00e8ve<\/p>\n<h2 class=\"title-2\"><\/h2>\n\t\t\t\t\t\t<\/div>\n\t\t\t\t<\/div>\n\t\t\t\t<div class=\"elementor-element elementor-element-5315733 elementor-widget elementor-widget-text-editor\" data-id=\"5315733\" data-element_type=\"widget\" data-widget_type=\"text-editor.default\">\n\t\t\t\t<div class=\"elementor-widget-container\">\n\t\t\t\t\t\t\t<p><strong>VERWENDUNG VON COOKIES UND SCHUTZ PERSONENBEZOGENER DATEN<\/strong><\/p>\n<p>Wir setzen Cookies und verwandte Technologien ein, um die Benutzererfahrung auf unserer Website zu optimieren, unseren Datenverkehr zu bewerten und unsere Inhalte zu personalisieren. Im Rahmen des neuen Datenschutzgesetzes (nDSG) in der Schweiz verpflichten wir uns, Ihre Daten gewissenhaft und unter Einhaltung der gesetzlichen Datenschutzstandards der Schweiz zu behandeln.<\/p>\n<p><strong>Erhebung und Verwaltung Ihrer pers\u00f6nlichen Daten<\/strong><\/p>\n<p>Ihre pers\u00f6nlichen Daten, wie Name, Adresse, E-Mail und Telefonnummer, sind Informationen, die sich auf eine identifizierbare Person beziehen. Diese Daten werden erfasst, wenn Sie mit unserer Website interagieren, z. B. \u00fcber ein Formular. Die erforderlichen Informationen sind mit einem Sternchen gekennzeichnet. Dar\u00fcber hinaus werden bestimmte Informationen automatisch durch Cookies gesammelt. Statistische Daten, die nicht direkt mit Ihnen in Verbindung gebracht werden k\u00f6nnen, werden von dieser Erkl\u00e4rung nicht abgedeckt.<\/p>\n<p><strong>Verwendung Ihrer pers\u00f6nlichen Daten<\/strong><\/p>\n<p>Ihre pers\u00f6nlichen Daten werden auf cadar.ch gesammelt, um eine effektive Kommunikation und einen effizienten Austausch zu gew\u00e4hrleisten und zu Marketingzwecken. Sie werden vertraulich behandelt. Wir verwenden diese Daten, um Ihre Anfragen und Fragen zu beantworten. Ihre pers\u00f6nlichen Daten werden grunds\u00e4tzlich nicht an Dritte weitergegeben, es sei denn, dies ist gesetzlich vorgeschrieben oder Ihre Anfrage erfordert dies.<\/p>\n<p><strong>Zweck der Verarbeitung Ihrer pers\u00f6nlichen Daten<\/strong><\/p>\n<p>Ihre Daten werden zu den folgenden Zwecken verwendet, wobei die vom Schweizer Gesetz festgelegten Grenzen eingehalten werden:<\/p>\n<ul>\n<li>Verbreitung von Werbung in Bezug auf unsere Angebote, Dienstleistungen, Referenzen, die Einf\u00fchrung neuer Leistungen.<\/li>\n<li>Durchf\u00fchrung von Umfragen, Bewertungen, Marktforschung und Erstellung einer Datenbank.<\/li>\n<li>Gew\u00e4hrleistung des reibungslosen Funktionierens unserer Dienstleistungsangebote.<\/li>\n<\/ul>\n<p><strong>Anwendung von Cookies<\/strong><\/p>\n<p>Unsere Website nutzt Google Analytics, einen Webanalysedienst der Google Inc. (\u201eGoogle\u201c). Google Analytics verwendet Cookies, d. h. Textdateien, die auf Ihrem Computer gespeichert werden, um der Website dabei zu helfen, die Nutzung der Website durch ihre Besucher zu analysieren. Die von den Cookies erzeugten Informationen (einschlie\u00dflich Ihrer IP-Adresse) werden von Google an Server in den USA \u00fcbertragen und dort gespeichert. Google verwendet diese Informationen, um die Nutzung der Website auszuwerten, Berichte \u00fcber die Aktivit\u00e4ten auf der Website zu erstellen und andere Dienstleistungen im Zusammenhang mit der Aktivit\u00e4t der Website und der Nutzung des Internets anzubieten. Google kann diese Informationen an Dritte weitergeben, wenn dies gesetzlich vorgeschrieben ist oder wenn diese Dritten die Informationen im Auftrag von Google verarbeiten. Google wird Ihre IP-Adresse nicht mit anderen Daten im Besitz von Google in Verbindung bringen. Sie k\u00f6nnen Cookies durch eine entsprechende Einstellung in Ihrem Browser deaktivieren, obwohl dies einige Funktionen dieser Website einschr\u00e4nken kann. Durch die Nutzung dieser Website erkl\u00e4ren Sie sich mit der Bearbeitung der \u00fcber Sie erhobenen Daten durch Google in der zuvor beschriebenen Art und Weise und zu dem zuvor benannten Zweck einverstanden.<\/p>\n<p><strong>\u00c4nderungen<\/strong><\/p>\n<p>Diese Datenschutzerkl\u00e4rung kann jederzeit ge\u00e4ndert werden. Wir empfehlen Ihnen, sie h\u00e4ufig zu \u00fcberpr\u00fcfen.<\/p>\n\t\t\t\t\t\t<\/div>\n\t\t\t\t<\/div>\n\t\t\t\t\t<\/div>\n\t\t<\/div>\n\t\t\t\t\t<\/div>\n\t\t<\/section>\n\t\t\t\t<\/div>\n\t\t","protected":false},"excerpt":{"rendered":"<p>Schutz personenbezogener daten Kontakt Adresse CADAR SA Entre-deux-Rivi\u00e8res 12, 2114 Fleurier T\u00e9l: 032 864 50 00 Email: info@cadar.ch Webdesign &amp; Web Entwicklung MAP SA Marketing, Advertising, Promotion Ch. de Jolimont 14 CH-1304 Cossonay Web-Hosting Infomaniak Network SA Rue Eug\u00e8ne-marziano 25 CH-1227 Gen\u00e8ve VERWENDUNG VON COOKIES UND SCHUTZ PERSONENBEZOGENER DATEN Wir setzen Cookies und verwandte Technologien [&hellip;]<\/p>\n","protected":false},"author":3,"featured_media":0,"parent":0,"menu_order":0,"comment_status":"closed","ping_status":"closed","template":"","meta":{"footnotes":""},"acf":[],"_links":{"self":[{"href":"http:\/\/dev.mafee.ch\/de\/wp-json\/wp\/v2\/pages\/9830"}],"collection":[{"href":"http:\/\/dev.mafee.ch\/de\/wp-json\/wp\/v2\/pages"}],"about":[{"href":"http:\/\/dev.mafee.ch\/de\/wp-json\/wp\/v2\/types\/page"}],"author":[{"embeddable":true,"href":"http:\/\/dev.mafee.ch\/de\/wp-json\/wp\/v2\/users\/3"}],"replies":[{"embeddable":true,"href":"http:\/\/dev.mafee.ch\/de\/wp-json\/wp\/v2\/comments?post=9830"}],"version-history":[{"count":1,"href":"http:\/\/dev.mafee.ch\/de\/wp-json\/wp\/v2\/pages\/9830\/revisions"}],"predecessor-version":[{"id":9831,"href":"http:\/\/dev.mafee.ch\/de\/wp-json\/wp\/v2\/pages\/9830\/revisions\/9831"}],"wp:attachment":[{"href":"http:\/\/dev.mafee.ch\/de\/wp-json\/wp\/v2\/media?parent=9830"}],"curies":[{"name":"wp","href":"https:\/\/api.w.org\/{rel}","templated":true}]}}